{"id":377,"date":"2025-08-31T14:00:37","date_gmt":"2025-08-31T14:00:37","guid":{"rendered":"https:\/\/www.100mc.cz\/?page_id=377"},"modified":"2025-09-01T07:05:08","modified_gmt":"2025-09-01T07:05:08","slug":"hrave-odpoledne","status":"publish","type":"page","link":"https:\/\/www.100mc.cz\/index.php\/hrave-odpoledne\/","title":{"rendered":"Hrav\u00e9 odpoledne"},"content":{"rendered":"\n<h2 class=\"wp-block-heading\" style=\"padding-top:0;padding-bottom:var(--wp--preset--spacing--40)\"><strong>Hrav\u00e9 odpoledne<\/strong><\/h2>\n\n\n\n<p style=\"padding-top:0;padding-bottom:0\">V p\u00e1tek 20.6.2025 se v Komunitn\u00edm centru na Lerchov\u011b ulici 62 uskute\u010dnilo Hrav\u00e9 odpoledne pro d\u011bti i dosp\u011bl\u00e9.&nbsp;<\/p>\n\n\n\n<p style=\"padding-top:0;padding-bottom:0\">V\u0161ichni si mohli vyzkou\u0161et tradi\u010dn\u00ed discipl\u00edny: stoln\u00ed tenis, \u0161achy, pozn\u00e1v\u00e1n\u00ed bylin, hod na ko\u0161 a dal\u0161\u00ed sportovn\u00ed \u00fakoly. Rukod\u011bln\u00e9 \u010dinnosti si p\u0159ipravilo st\u0159edisko voln\u00e9ho \u010dasu Dome\u010dek-Helceletka.&nbsp;<\/p>\n\n\n\n<p style=\"padding-top:0;padding-bottom:0\">A proto\u017ee byl leto\u0161n\u00ed ro\u010dn\u00edk v\u011bnov\u00e1n 100 let\u00e9mu v\u00fdro\u010d\u00ed pojmenov\u00e1n\u00ed Masarykovy \u010dtvrti, mohli si z\u00e1jemci tak\u00e9 p\u0159ipomenout, jak si hr\u00e1ly d\u011bti v obdob\u00ed prvn\u00ed republiky.&nbsp;<\/p>\n\n\n\n<p style=\"padding-top:var(--wp--preset--spacing--30);padding-bottom:var(--wp--preset--spacing--30)\">Z\u00e1v\u011br setk\u00e1n\u00ed byl ji\u017e tradi\u010dn\u011b zakon\u010den t\u00e1bor\u00e1kem s op\u00e9k\u00e1n\u00edm \u0161pek\u00e1\u010dk\u016f. O hudebn\u00ed doprovod se postarali \u010dlenov\u00e9 Orla Brno \u2013 Masarykova \u010dtvr\u0165.<\/p>\n\n\n\n<figure class=\"wp-block-image size-large\"><img loading=\"lazy\" decoding=\"async\" width=\"1024\" height=\"768\" src=\"https:\/\/www.100mc.cz\/wp-content\/uploads\/2025\/08\/image-1024x768.png\" alt=\"\" class=\"wp-image-361\" srcset=\"https:\/\/www.100mc.cz\/wp-content\/uploads\/2025\/08\/image-1024x768.png 1024w, https:\/\/www.100mc.cz\/wp-content\/uploads\/2025\/08\/image-300x225.png 300w, https:\/\/www.100mc.cz\/wp-content\/uploads\/2025\/08\/image-768x576.png 768w, https:\/\/www.100mc.cz\/wp-content\/uploads\/2025\/08\/image-1536x1152.png 1536w, https:\/\/www.100mc.cz\/wp-content\/uploads\/2025\/08\/image.png 1600w\" sizes=\"auto, (max-width: 1024px) 100vw, 1024px\" \/><\/figure>\n\n\n\n<p style=\"padding-top:var(--wp--preset--spacing--30);padding-bottom:var(--wp--preset--spacing--30)\">Mlad\u00ed dobrovoln\u00edci zajistili bezprobl\u00e9mov\u00fd pr\u016fb\u011bh akce.<\/p>\n\n\n\n<figure class=\"wp-block-image size-large\"><img loading=\"lazy\" decoding=\"async\" width=\"1024\" height=\"768\" src=\"https:\/\/www.100mc.cz\/wp-content\/uploads\/2025\/08\/image-1-1024x768.png\" alt=\"\" class=\"wp-image-362\" srcset=\"https:\/\/www.100mc.cz\/wp-content\/uploads\/2025\/08\/image-1-1024x768.png 1024w, https:\/\/www.100mc.cz\/wp-content\/uploads\/2025\/08\/image-1-300x225.png 300w, https:\/\/www.100mc.cz\/wp-content\/uploads\/2025\/08\/image-1-768x576.png 768w, https:\/\/www.100mc.cz\/wp-content\/uploads\/2025\/08\/image-1-1536x1152.png 1536w, https:\/\/www.100mc.cz\/wp-content\/uploads\/2025\/08\/image-1.png 1600w\" sizes=\"auto, (max-width: 1024px) 100vw, 1024px\" \/><\/figure>\n\n\n\n<p style=\"padding-top:var(--wp--preset--spacing--30);padding-bottom:var(--wp--preset--spacing--30)\">Dome\u010dek-Helceletka p\u0159ipravil pro d\u011bti i rodi\u010de atraktivn\u00ed aktivity.<\/p>\n\n\n\n<figure class=\"wp-block-image size-large\"><img loading=\"lazy\" decoding=\"async\" width=\"1024\" height=\"576\" src=\"https:\/\/www.100mc.cz\/wp-content\/uploads\/2025\/08\/image-2-1024x576.png\" alt=\"\" class=\"wp-image-363\" srcset=\"https:\/\/www.100mc.cz\/wp-content\/uploads\/2025\/08\/image-2-1024x576.png 1024w, https:\/\/www.100mc.cz\/wp-content\/uploads\/2025\/08\/image-2-300x169.png 300w, https:\/\/www.100mc.cz\/wp-content\/uploads\/2025\/08\/image-2-768x432.png 768w, https:\/\/www.100mc.cz\/wp-content\/uploads\/2025\/08\/image-2-1536x864.png 1536w, https:\/\/www.100mc.cz\/wp-content\/uploads\/2025\/08\/image-2.png 1600w\" sizes=\"auto, (max-width: 1024px) 100vw, 1024px\" \/><\/figure>\n\n\n\n<figure class=\"wp-block-image size-large\"><img loading=\"lazy\" decoding=\"async\" width=\"1024\" height=\"576\" src=\"https:\/\/www.100mc.cz\/wp-content\/uploads\/2025\/08\/image-3-1024x576.png\" alt=\"\" class=\"wp-image-364\" srcset=\"https:\/\/www.100mc.cz\/wp-content\/uploads\/2025\/08\/image-3-1024x576.png 1024w, https:\/\/www.100mc.cz\/wp-content\/uploads\/2025\/08\/image-3-300x169.png 300w, https:\/\/www.100mc.cz\/wp-content\/uploads\/2025\/08\/image-3-768x432.png 768w, https:\/\/www.100mc.cz\/wp-content\/uploads\/2025\/08\/image-3-1536x864.png 1536w, https:\/\/www.100mc.cz\/wp-content\/uploads\/2025\/08\/image-3.png 1600w\" sizes=\"auto, (max-width: 1024px) 100vw, 1024px\" \/><\/figure>\n\n\n\n<p style=\"padding-top:var(--wp--preset--spacing--30);padding-bottom:var(--wp--preset--spacing--30)\">Sv\u00e9 s\u00edly si mohli zm\u011b\u0159it milovn\u00edci kr\u00e1lovsk\u00e9 hry se \u010dleny \u0161achov\u00e9ho krou\u017eku pod veden\u00edm Petra Jurigy a Lubo\u0161e Herze.<\/p>\n\n\n\n<figure class=\"wp-block-image size-large\"><img loading=\"lazy\" decoding=\"async\" width=\"1024\" height=\"768\" src=\"https:\/\/www.100mc.cz\/wp-content\/uploads\/2025\/08\/image-4-1024x768.png\" alt=\"\" class=\"wp-image-365\" srcset=\"https:\/\/www.100mc.cz\/wp-content\/uploads\/2025\/08\/image-4-1024x768.png 1024w, https:\/\/www.100mc.cz\/wp-content\/uploads\/2025\/08\/image-4-300x225.png 300w, https:\/\/www.100mc.cz\/wp-content\/uploads\/2025\/08\/image-4-768x576.png 768w, https:\/\/www.100mc.cz\/wp-content\/uploads\/2025\/08\/image-4-1536x1152.png 1536w, https:\/\/www.100mc.cz\/wp-content\/uploads\/2025\/08\/image-4.png 1600w\" sizes=\"auto, (max-width: 1024px) 100vw, 1024px\" \/><\/figure>\n\n\n\n<p style=\"padding-top:var(--wp--preset--spacing--30);padding-bottom:var(--wp--preset--spacing--30)\">Byliny pro pozn\u00e1v\u00e1n\u00ed vybral Ing. Igor Kyselka CSc., m\u00edstop\u0159edseda Ob\u010dansk\u00e9ho sdru\u017een\u00ed Masarykova \u010dtvr\u0165.<\/p>\n\n\n\n<figure class=\"wp-block-image size-large\"><img loading=\"lazy\" decoding=\"async\" width=\"1024\" height=\"576\" src=\"https:\/\/www.100mc.cz\/wp-content\/uploads\/2025\/08\/image-5-1024x576.png\" alt=\"\" class=\"wp-image-366\" srcset=\"https:\/\/www.100mc.cz\/wp-content\/uploads\/2025\/08\/image-5-1024x576.png 1024w, https:\/\/www.100mc.cz\/wp-content\/uploads\/2025\/08\/image-5-300x169.png 300w, https:\/\/www.100mc.cz\/wp-content\/uploads\/2025\/08\/image-5-768x432.png 768w, https:\/\/www.100mc.cz\/wp-content\/uploads\/2025\/08\/image-5-1536x864.png 1536w, https:\/\/www.100mc.cz\/wp-content\/uploads\/2025\/08\/image-5.png 1600w\" sizes=\"auto, (max-width: 1024px) 100vw, 1024px\" \/><\/figure>\n\n\n\n<p style=\"padding-top:var(--wp--preset--spacing--30);padding-bottom:var(--wp--preset--spacing--30)\">D\u0159ev\u011bn\u00fd dome\u010dek, kuli\u010dky, p\u0159eb\u00edr\u00e1n\u00ed a dal\u0161\u00ed hry zaujaly v\u0161echny v\u011bkov\u00e9 kategorie d\u011bt\u00ed.<\/p>\n\n\n\n<figure class=\"wp-block-image size-large\"><img loading=\"lazy\" decoding=\"async\" width=\"1024\" height=\"576\" src=\"https:\/\/www.100mc.cz\/wp-content\/uploads\/2025\/08\/image-6-1024x576.png\" alt=\"\" class=\"wp-image-367\" srcset=\"https:\/\/www.100mc.cz\/wp-content\/uploads\/2025\/08\/image-6-1024x576.png 1024w, https:\/\/www.100mc.cz\/wp-content\/uploads\/2025\/08\/image-6-300x169.png 300w, https:\/\/www.100mc.cz\/wp-content\/uploads\/2025\/08\/image-6-768x432.png 768w, https:\/\/www.100mc.cz\/wp-content\/uploads\/2025\/08\/image-6-1536x864.png 1536w, https:\/\/www.100mc.cz\/wp-content\/uploads\/2025\/08\/image-6.png 1600w\" sizes=\"auto, (max-width: 1024px) 100vw, 1024px\" \/><\/figure>\n\n\n\n<p style=\"padding-top:var(--wp--preset--spacing--30);padding-bottom:var(--wp--preset--spacing--30)\">Stav\u011bn\u00ed z kostek rozv\u00edj\u00ed kreativn\u00ed my\u0161len\u00ed, jemnou motoriku i trp\u011blivost.<\/p>\n\n\n\n<figure class=\"wp-block-image size-large\"><img loading=\"lazy\" decoding=\"async\" width=\"1024\" height=\"576\" src=\"https:\/\/www.100mc.cz\/wp-content\/uploads\/2025\/08\/image-7-1024x576.png\" alt=\"\" class=\"wp-image-368\" srcset=\"https:\/\/www.100mc.cz\/wp-content\/uploads\/2025\/08\/image-7-1024x576.png 1024w, https:\/\/www.100mc.cz\/wp-content\/uploads\/2025\/08\/image-7-300x169.png 300w, https:\/\/www.100mc.cz\/wp-content\/uploads\/2025\/08\/image-7-768x432.png 768w, https:\/\/www.100mc.cz\/wp-content\/uploads\/2025\/08\/image-7-1536x864.png 1536w, https:\/\/www.100mc.cz\/wp-content\/uploads\/2025\/08\/image-7.png 1600w\" sizes=\"auto, (max-width: 1024px) 100vw, 1024px\" \/><\/figure>\n\n\n\n<figure class=\"wp-block-image size-large\"><img loading=\"lazy\" decoding=\"async\" width=\"1024\" height=\"576\" src=\"https:\/\/www.100mc.cz\/wp-content\/uploads\/2025\/08\/image-8-1024x576.png\" alt=\"\" class=\"wp-image-369\" srcset=\"https:\/\/www.100mc.cz\/wp-content\/uploads\/2025\/08\/image-8-1024x576.png 1024w, https:\/\/www.100mc.cz\/wp-content\/uploads\/2025\/08\/image-8-300x169.png 300w, https:\/\/www.100mc.cz\/wp-content\/uploads\/2025\/08\/image-8-768x432.png 768w, https:\/\/www.100mc.cz\/wp-content\/uploads\/2025\/08\/image-8-1536x864.png 1536w, https:\/\/www.100mc.cz\/wp-content\/uploads\/2025\/08\/image-8.png 1600w\" sizes=\"auto, (max-width: 1024px) 100vw, 1024px\" \/><\/figure>\n\n\n\n<p style=\"padding-top:var(--wp--preset--spacing--30);padding-bottom:var(--wp--preset--spacing--30)\">D\u011bti vyr\u00e1b\u011bly pap\u00edrov\u00e9 masky zv\u00ed\u0159\u00e1tek.<\/p>\n\n\n\n<figure class=\"wp-block-image size-large\"><img loading=\"lazy\" decoding=\"async\" width=\"1024\" height=\"576\" src=\"https:\/\/www.100mc.cz\/wp-content\/uploads\/2025\/08\/image-9-1024x576.png\" alt=\"\" class=\"wp-image-370\" srcset=\"https:\/\/www.100mc.cz\/wp-content\/uploads\/2025\/08\/image-9-1024x576.png 1024w, https:\/\/www.100mc.cz\/wp-content\/uploads\/2025\/08\/image-9-300x169.png 300w, https:\/\/www.100mc.cz\/wp-content\/uploads\/2025\/08\/image-9-768x432.png 768w, https:\/\/www.100mc.cz\/wp-content\/uploads\/2025\/08\/image-9-1536x864.png 1536w, https:\/\/www.100mc.cz\/wp-content\/uploads\/2025\/08\/image-9.png 1600w\" sizes=\"auto, (max-width: 1024px) 100vw, 1024px\" \/><\/figure>\n\n\n\n<p style=\"padding-top:var(--wp--preset--spacing--30);padding-bottom:var(--wp--preset--spacing--30)\">Za spln\u011bn\u00e9 aktivity si n\u00e1v\u0161t\u011bvn\u00edci odnesli odm\u011bny.<\/p>\n\n\n\n<figure class=\"wp-block-image size-large\"><img loading=\"lazy\" decoding=\"async\" width=\"1024\" height=\"741\" src=\"https:\/\/www.100mc.cz\/wp-content\/uploads\/2025\/08\/image-10-1024x741.png\" alt=\"\" class=\"wp-image-371\" srcset=\"https:\/\/www.100mc.cz\/wp-content\/uploads\/2025\/08\/image-10-1024x741.png 1024w, https:\/\/www.100mc.cz\/wp-content\/uploads\/2025\/08\/image-10-300x217.png 300w, https:\/\/www.100mc.cz\/wp-content\/uploads\/2025\/08\/image-10-768x556.png 768w, https:\/\/www.100mc.cz\/wp-content\/uploads\/2025\/08\/image-10-1536x1112.png 1536w, https:\/\/www.100mc.cz\/wp-content\/uploads\/2025\/08\/image-10.png 1600w\" sizes=\"auto, (max-width: 1024px) 100vw, 1024px\" \/><\/figure>\n\n\n\n<p style=\"padding-top:var(--wp--preset--spacing--30);padding-bottom:var(--wp--preset--spacing--30)\">Z\u00e1v\u011bre\u010dn\u00fd t\u00e1bor\u00e1k zavr\u0161il p\u0159\u00edjemn\u011b str\u00e1ven\u00e9 odpoledne.<\/p>\n\n\n\n<figure class=\"wp-block-image size-large\"><img loading=\"lazy\" decoding=\"async\" width=\"1024\" height=\"576\" src=\"https:\/\/www.100mc.cz\/wp-content\/uploads\/2025\/08\/image-11-1024x576.png\" alt=\"\" class=\"wp-image-372\" srcset=\"https:\/\/www.100mc.cz\/wp-content\/uploads\/2025\/08\/image-11-1024x576.png 1024w, https:\/\/www.100mc.cz\/wp-content\/uploads\/2025\/08\/image-11-300x169.png 300w, https:\/\/www.100mc.cz\/wp-content\/uploads\/2025\/08\/image-11-768x432.png 768w, https:\/\/www.100mc.cz\/wp-content\/uploads\/2025\/08\/image-11-1536x864.png 1536w, https:\/\/www.100mc.cz\/wp-content\/uploads\/2025\/08\/image-11.png 1600w\" sizes=\"auto, (max-width: 1024px) 100vw, 1024px\" \/><\/figure>\n\n\n\n<p style=\"padding-top:var(--wp--preset--spacing--30);padding-bottom:var(--wp--preset--spacing--30)\">Na kytary zahr\u00e1li \u010dlenov\u00e9 Orla.<\/p>\n\n\n\n<figure class=\"wp-block-image size-large\"><img loading=\"lazy\" decoding=\"async\" width=\"1024\" height=\"576\" src=\"https:\/\/www.100mc.cz\/wp-content\/uploads\/2025\/08\/image-12-1024x576.png\" alt=\"\" class=\"wp-image-373\" srcset=\"https:\/\/www.100mc.cz\/wp-content\/uploads\/2025\/08\/image-12-1024x576.png 1024w, https:\/\/www.100mc.cz\/wp-content\/uploads\/2025\/08\/image-12-300x169.png 300w, https:\/\/www.100mc.cz\/wp-content\/uploads\/2025\/08\/image-12-768x432.png 768w, https:\/\/www.100mc.cz\/wp-content\/uploads\/2025\/08\/image-12-1536x864.png 1536w, https:\/\/www.100mc.cz\/wp-content\/uploads\/2025\/08\/image-12.png 1600w\" sizes=\"auto, (max-width: 1024px) 100vw, 1024px\" \/><\/figure>\n\n\n\n<figure class=\"wp-block-image aligncenter size-large\"><img loading=\"lazy\" decoding=\"async\" width=\"639\" height=\"1024\" src=\"https:\/\/www.100mc.cz\/wp-content\/uploads\/2025\/09\/image-639x1024.png\" alt=\"\" class=\"wp-image-381\" srcset=\"https:\/\/www.100mc.cz\/wp-content\/uploads\/2025\/09\/image-639x1024.png 639w, https:\/\/www.100mc.cz\/wp-content\/uploads\/2025\/09\/image-187x300.png 187w, https:\/\/www.100mc.cz\/wp-content\/uploads\/2025\/09\/image.png 760w\" sizes=\"auto, (max-width: 639px) 100vw, 639px\" \/><\/figure>\n\n\n\n<p><br><\/p>\n","protected":false},"excerpt":{"rendered":"<p>Hrav\u00e9 odpoledne V p\u00e1tek 20.6.2025 se v Komunitn\u00edm centru na Lerchov\u011b ulici 62 uskute\u010dnilo Hrav\u00e9 odpoledne pro d\u011bti i dosp\u011bl\u00e9.&nbsp; V\u0161ichni si mohli vyzkou\u0161et tradi\u010dn\u00ed discipl\u00edny: stoln\u00ed tenis, \u0161achy, pozn\u00e1v\u00e1n\u00ed bylin, hod na ko\u0161 a dal\u0161\u00ed sportovn\u00ed \u00fakoly. Rukod\u011bln\u00e9 \u010dinnosti si p\u0159ipravilo st\u0159edisko voln\u00e9ho \u010dasu Dome\u010dek-Helceletka.&nbsp; A proto\u017ee byl leto\u0161n\u00ed ro\u010dn\u00edk v\u011bnov\u00e1n 100 let\u00e9mu v\u00fdro\u010d\u00ed [&hellip;]<\/p>\n","protected":false},"author":1,"featured_media":0,"parent":0,"menu_order":0,"comment_status":"closed","ping_status":"closed","template":"","meta":{"footnotes":""},"class_list":["post-377","page","type-page","status-publish","hentry"],"_links":{"self":[{"href":"https:\/\/www.100mc.cz\/index.php\/wp-json\/wp\/v2\/pages\/377","targetHints":{"allow":["GET"]}}],"collection":[{"href":"https:\/\/www.100mc.cz\/index.php\/wp-json\/wp\/v2\/pages"}],"about":[{"href":"https:\/\/www.100mc.cz\/index.php\/wp-json\/wp\/v2\/types\/page"}],"author":[{"embeddable":true,"href":"https:\/\/www.100mc.cz\/index.php\/wp-json\/wp\/v2\/users\/1"}],"replies":[{"embeddable":true,"href":"https:\/\/www.100mc.cz\/index.php\/wp-json\/wp\/v2\/comments?post=377"}],"version-history":[{"count":2,"href":"https:\/\/www.100mc.cz\/index.php\/wp-json\/wp\/v2\/pages\/377\/revisions"}],"predecessor-version":[{"id":382,"href":"https:\/\/www.100mc.cz\/index.php\/wp-json\/wp\/v2\/pages\/377\/revisions\/382"}],"wp:attachment":[{"href":"https:\/\/www.100mc.cz\/index.php\/wp-json\/wp\/v2\/media?parent=377"}],"curies":[{"name":"wp","href":"https:\/\/api.w.org\/{rel}","templated":true}]}}