{"id":47,"date":"2025-02-16T10:29:51","date_gmt":"2025-02-16T10:29:51","guid":{"rendered":"https:\/\/www.100mc.cz\/?page_id=47"},"modified":"2026-02-06T08:33:41","modified_gmt":"2026-02-06T08:33:41","slug":"aktuality","status":"publish","type":"page","link":"https:\/\/www.100mc.cz\/index.php\/aktuality\/","title":{"rendered":"Aktuality"},"content":{"rendered":"\n<ul class=\"wp-block-list is-style-default has-contrast-color has-base-background-color has-text-color has-background has-link-color has-x-large-font-size wp-elements-4dc26b75720599233d3c434fa3e77243\">\n<li><strong><a href=\"https:\/\/www.100mc.cz\/index.php\/adventni-setkani\/\" data-type=\"page\" data-id=\"447\">Adventn\u00ed setk\u00e1n\u00ed<\/a><\/strong><\/li>\n\n\n\n<li><strong><a href=\"https:\/\/www.100mc.cz\/index.php\/literarni-vecer-z-dila-jaroslava-marchy\/\" data-type=\"page\" data-id=\"494\">Liter\u00e1rn\u00ed ve\u010der z d\u00edla spisovatele Jaroslava Marchy<\/a><\/strong><\/li>\n\n\n\n<li><strong><a href=\"https:\/\/www.100mc.cz\/index.php\/17-listopad\/\" data-type=\"page\" data-id=\"481\">17.listopad<\/a><\/strong><\/li>\n\n\n\n<li><a href=\"https:\/\/www.100mc.cz\/index.php\/vernisaze\/\" data-type=\"page\" data-id=\"326\"><strong>Vernis\u00e1\u017ee<\/strong><\/a><\/li>\n\n\n\n<li><a href=\"https:\/\/www.100mc.cz\/index.php\/koncert\/\" data-type=\"page\" data-id=\"324\"><strong>Koncert<\/strong><\/a><\/li>\n\n\n\n<li><a href=\"https:\/\/www.100mc.cz\/index.php\/hrave-odpoledne\/\" data-type=\"page\" data-id=\"377\"><strong>Hrav\u00e9 odpoledne<\/strong><\/a><\/li>\n\n\n\n<li><strong><a href=\"https:\/\/www.100mc.cz\/index.php\/sousedske-setkani\/\" data-type=\"page\" data-id=\"330\">Sousedsk\u00e9 setk\u00e1n\u00ed<\/a><\/strong><\/li>\n\n\n\n<li><a href=\"https:\/\/www.100mc.cz\/index.php\/prochazky-a-prednasky\/\" data-type=\"page\" data-id=\"393\"><strong>Proch\u00e1zky a<\/strong> <strong>p\u0159edn\u00e1\u0161ky<\/strong><\/a><\/li>\n\n\n\n<li><a href=\"https:\/\/www.100mc.cz\/index.php\/nezarazen\/\" data-type=\"page\" data-id=\"336\"><strong>Ostatn\u00ed <\/strong><\/a><\/li>\n<\/ul>\n","protected":false},"excerpt":{"rendered":"","protected":false},"author":1,"featured_media":0,"parent":0,"menu_order":0,"comment_status":"closed","ping_status":"closed","template":"","meta":{"footnotes":""},"class_list":["post-47","page","type-page","status-publish","hentry"],"_links":{"self":[{"href":"https:\/\/www.100mc.cz\/index.php\/wp-json\/wp\/v2\/pages\/47","targetHints":{"allow":["GET"]}}],"collection":[{"href":"https:\/\/www.100mc.cz\/index.php\/wp-json\/wp\/v2\/pages"}],"about":[{"href":"https:\/\/www.100mc.cz\/index.php\/wp-json\/wp\/v2\/types\/page"}],"author":[{"embeddable":true,"href":"https:\/\/www.100mc.cz\/index.php\/wp-json\/wp\/v2\/users\/1"}],"replies":[{"embeddable":true,"href":"https:\/\/www.100mc.cz\/index.php\/wp-json\/wp\/v2\/comments?post=47"}],"version-history":[{"count":70,"href":"https:\/\/www.100mc.cz\/index.php\/wp-json\/wp\/v2\/pages\/47\/revisions"}],"predecessor-version":[{"id":504,"href":"https:\/\/www.100mc.cz\/index.php\/wp-json\/wp\/v2\/pages\/47\/revisions\/504"}],"wp:attachment":[{"href":"https:\/\/www.100mc.cz\/index.php\/wp-json\/wp\/v2\/media?parent=47"}],"curies":[{"name":"wp","href":"https:\/\/api.w.org\/{rel}","templated":true}]}}