{"id":51,"date":"2025-02-16T10:31:38","date_gmt":"2025-02-16T10:31:38","guid":{"rendered":"https:\/\/www.100mc.cz\/?page_id=51"},"modified":"2025-06-01T08:36:27","modified_gmt":"2025-06-01T08:36:27","slug":"kontakt","status":"publish","type":"page","link":"https:\/\/www.100mc.cz\/index.php\/kontakt\/","title":{"rendered":"Kontakt"},"content":{"rendered":"\n<p style=\"padding-right:var(--wp--preset--spacing--20);padding-left:var(--wp--preset--spacing--20)\"><strong>Ing. Bohumil B\u00edlek<\/strong><\/p>\n\n\n\n<p style=\"padding-right:var(--wp--preset--spacing--20);padding-left:var(--wp--preset--spacing--20)\">zastupitel, kontaktn\u00ed osoba a koordin\u00e1tor<\/p>\n\n\n\n<p style=\"padding-right:var(--wp--preset--spacing--20);padding-left:var(--wp--preset--spacing--20)\"><\/p>\n\n\n\n<p style=\"padding-right:var(--wp--preset--spacing--20);padding-left:var(--wp--preset--spacing--20)\"><a href=\"mailto:bohumil.bilek@email.cz\" rel=\"noreferrer noopener\" target=\"_blank\">bohumil.bilek@email.cz<\/a><\/p>\n\n\n\n<p style=\"padding-right:var(--wp--preset--spacing--20);padding-left:var(--wp--preset--spacing--20)\">Tel.: 605 585 819<\/p>\n\n\n\n<p style=\"padding-right:var(--wp--preset--spacing--20);padding-left:var(--wp--preset--spacing--20)\">Bankovn\u00ed spojen\u00ed: transparentn\u00ed \u00fa\u010det \u010d. 2402994369\/2010<\/p>\n","protected":false},"excerpt":{"rendered":"<p>Ing. Bohumil B\u00edlek zastupitel, kontaktn\u00ed osoba a koordin\u00e1tor bohumil.bilek@email.cz Tel.: 605 585 819 Bankovn\u00ed spojen\u00ed: transparentn\u00ed \u00fa\u010det \u010d. 2402994369\/2010<\/p>\n","protected":false},"author":1,"featured_media":0,"parent":0,"menu_order":0,"comment_status":"closed","ping_status":"closed","template":"","meta":{"footnotes":""},"class_list":["post-51","page","type-page","status-publish","hentry"],"_links":{"self":[{"href":"https:\/\/www.100mc.cz\/index.php\/wp-json\/wp\/v2\/pages\/51","targetHints":{"allow":["GET"]}}],"collection":[{"href":"https:\/\/www.100mc.cz\/index.php\/wp-json\/wp\/v2\/pages"}],"about":[{"href":"https:\/\/www.100mc.cz\/index.php\/wp-json\/wp\/v2\/types\/page"}],"author":[{"embeddable":true,"href":"https:\/\/www.100mc.cz\/index.php\/wp-json\/wp\/v2\/users\/1"}],"replies":[{"embeddable":true,"href":"https:\/\/www.100mc.cz\/index.php\/wp-json\/wp\/v2\/comments?post=51"}],"version-history":[{"count":3,"href":"https:\/\/www.100mc.cz\/index.php\/wp-json\/wp\/v2\/pages\/51\/revisions"}],"predecessor-version":[{"id":246,"href":"https:\/\/www.100mc.cz\/index.php\/wp-json\/wp\/v2\/pages\/51\/revisions\/246"}],"wp:attachment":[{"href":"https:\/\/www.100mc.cz\/index.php\/wp-json\/wp\/v2\/media?parent=51"}],"curies":[{"name":"wp","href":"https:\/\/api.w.org\/{rel}","templated":true}]}}